{"id":1190,"date":"2023-03-28T15:06:10","date_gmt":"2023-03-28T15:06:10","guid":{"rendered":"https:\/\/www.museoscienzebrescia.it\/note-legali\/"},"modified":"2023-03-28T15:07:11","modified_gmt":"2023-03-28T15:07:11","slug":"note-legali","status":"publish","type":"page","link":"https:\/\/museoscienzebrescia.it\/en\/note-legali\/","title":{"rendered":"Legal notices"},"content":{"rendered":"<section id=\"b-hero-block_747c9bd5a14ce5c341a20c3a1fb13a14\" class=\"it-hero-wrapper block-hero \">\r\n  <div class=\"container\">\r\n    <div class=\"row\">\r\n      <div class=\"col-12 col-lg-6\">\r\n        <div class=\"it-hero-text-wrapper\">\r\n                    <h1>Legal notices<\/h1>\r\n                  <\/div>\r\n      <\/div>\r\n      <div class=\"col-12 col-lg-6 hero__img-cont\">\r\n         \r\n      <\/div>\r\n    <\/div>\r\n  <\/div>\r\n<\/section>\r\n\n\n\r\n<div id=\"b-textaside-block_eb2d666fc3f4fae5fddbc4dc9ce043af\" class=\"container\">\r\n  <div class=\"row\">\r\n    <article class=\"col-12 col-lg-7\">\r\n      <section>\r\n        <article id=\"descrizione\" class=\"it-page-section anchor-offset\">\n<h4>Descrizione<\/h4>\n<div class=\"font-serif\">\n<div class=\"clearfix text-formatted field field--name-field-descrizione-completa field--type-text-long field--label-above\">\n<div class=\"field__label visually-hidden\">Descrizione<\/div>\n<div class=\"field__item\">\n<p><strong>Premessa<\/strong><\/p>\n<p>L\u2019Agenzia per l\u2019Italia Digitale (AgID) ha realizzato il Sito\u00a0<a href=\"http:\/\/www.agid.gov.it\/\">www.agid.gov.it<\/a>\u00a0(di seguito \u201cil Sito) con l&#8217;obiettivo di pubblicare dati e documenti relativi ai servizi, alla struttura e alle attivit\u00e0 svolte dall\u2019Agenzia e di fornire a pubbliche amministrazioni, imprese e cittadini informazioni in materia di innovazione ed Agenda Digitale.<\/p>\n<p>Nella presente pagina sono riportate le Note legali relative all\u2019utilizzo del Sito.<\/p>\n<p>Il presente documento potr\u00e0 essere modificato in qualsiasi momento e senza preavviso. L\u2019Utente \u00e8 pertanto invitato a prendere regolarmente visione dell\u2019ultima versione aggiornata delle stesse, disponibile e permanentemente accessibile da qualunque pagina del sito, cliccando sul collegamento \u201cNote legali\u201d.<\/p>\n<p><strong>Copyright<\/strong><\/p>\n<p>La visualizzazione, il download e qualunque utilizzo dei dati pubblicati sul presente tipo comporta accettazione delle presenti note legali e delle condizioni della licenza con cui sono pubblicati.<\/p>\n<p>Salvo ove diversamente indicato, i dati pubblicati sul presente sito sono messi a disposizione con licenza CC-BY 3.0, il cui testo integrale \u00e8 disponibile al seguente indirizzo:\u00a0<a href=\"http:\/\/creativecommons.org\/licenses\/by\/3.0\/it\/legalcode\">http:\/\/creativecommons.org\/licenses\/by\/3.0\/it\/legalcode<\/a><\/p>\n<p>Questo significa che, ove non diversamente specificato, i contenuti di questo sito sono liberamente distribuibili e riutilizzabili, a patto che sia sempre citata la fonte e \u2013 ove possibile &#8211; riportato l&#8217;indirizzo web della pagina originale.<\/p>\n<p><strong>Utilizzo del sito e download<\/strong><\/p>\n<p>Tutti i documenti pubblicati sul presente sito sono conformi e corrispondenti agli atti originali.<\/p>\n<p>In nessun caso AgID pu\u00f2 essere ritenuta responsabile dei danni di qualsiasi natura causati direttamente o indirettamente dall&#8217;accesso al sito, dall&#8217;incapacit\u00e0 o impossibilit\u00e0 di accedervi.<\/p>\n<p>AgID, inoltre, non potr\u00e0 essere ritenuta in alcun modo responsabile per i servizi di connettivit\u00e0 utilizzati dagli Utenti per l\u2019accesso al Portale.<\/p>\n<p>I documenti presenti in questo sito per lo scaricamento (download) quali ad esempio documentazione tecnica, documentazione normativa, software ecc., salvo diversa indicazione, sono liberamente e gratuitamente disponibili, in caso contrario viene prodotto un avviso come premessa nell&#8217;uso degli stessi.<\/p>\n<p><strong>Accesso a siti esterni collegati<\/strong><\/p>\n<p>I collegamenti a siti esterni, indicati nel presente sito, sono forniti come semplice servizio agli utenti, con esclusione di ogni responsabilit\u00e0 sulla correttezza e sulla completezza dell\u2019insieme dei collegamenti indicati.<\/p>\n<p>L\u2019indicazione dei collegamenti non implica da parte di AgID alcun tipo di approvazione o condivisione di responsabilit\u00e0 in relazione alla legittimit\u00e0, alla completezza e alla correttezza delle informazioni contenute nei siti indicati.<\/p>\n<p><strong>Privacy<\/strong><\/p>\n<p>La privacy degli utenti \u00e8 molto importante. Per questo motivo \u00e8 stata predisposta un\u2019apposita<a href=\"https:\/\/www.comune.brescia.it\/informativa-privacy\">\u00a0Informativa sulla Privacy\u00a0<\/a>che l\u2019Utente, utilizzando il presente sito, accetta.<\/p>\n<p><strong>Social Media<\/strong><\/p>\n<p>L\u2019Agenzia utilizza i social media per finalit\u00e0 istituzionali: informa, comunica, ascolta e pubblica contenuti di carattere istituzionale.<\/p>\n<p>I contenuti pubblicati comprendono fotografie, video istituzionali, comunicati stampa, informazioni di servizio, notizie relative all\u2019attivit\u00e0 di AgID e dei servizi ad essa collegati nonch\u00e9 opportunit\u00e0 di coinvolgimento e partecipazione dei cittadini. Attraverso i propri canali social, AgID pu\u00f2 condividere e rilanciare contenuti e messaggi di pubblico interesse e utilit\u00e0 pubblicati da altri utenti.<\/p>\n<p>I canali social vengono costantemente e sistematicamente monitorati.<\/p>\n<p>AgID si impegna a gestire spazi di comunicazione e dialogo all\u2019interno dei propri profili nelle diverse piattaforme social chiedendo ai propri utenti il rispetto di alcune semplici regole di correttezza, misura e rispetto.<\/p>\n<p>Nei social media ognuno \u00e8 responsabile dei contenuti che pubblica e delle opinioni che esprime. Non saranno comunque tollerati insulti, volgarit\u00e0, offese, minacce e, in generale, atteggiamenti violenti o diffamatori. L\u2019interesse degli argomenti rispetto alle attivit\u00e0 dell&#8217;Agenzia \u00e8 un requisito essenziale: non \u00e8 possibile in alcun modo utilizzare questi spazi per scopi diversi da quelli istituzionali. Non sar\u00e0 tollerata alcuna forma di pubblicit\u00e0, spam o promozione di interessi privati o di attivit\u00e0 illegali e non sono ammessi contenuti che violino il diritto d\u2019autore n\u00e9 l\u2019utilizzo non autorizzato di marchi registrati.<\/p>\n<p>In ogni caso &#8211; ove il social media lo permetta &#8211; saranno rimossi dallo staff tutti i post, i commenti o i materiali audio\/video che presentano un linguaggio non appropriato, minaccioso, violento, volgare o irrispettoso, che presentano contenuti illeciti, offensivi, osceni, ingannevoli, allarmisti, discriminatori, che promuovono o sostengono attivit\u00e0 illegali, che violano il copyright.<\/p>\n<p>Di seguito si indicano i profili social ufficiali dell\u2019Agenzia:<\/p>\n<ul>\n<li>Facebook<\/li>\n<li>Youtube<\/li>\n<li>Flickr<\/li>\n<\/ul>\n<p>Eventuali altri account riferiti ad AgID non sono da questa gestiti.<\/p>\n<\/div>\n<\/div>\n<\/div>\n<\/article>\n<article id=\"dove\" class=\"it-page-section anchor-offset\"><\/article>\n<article id=\"collegamenti\" class=\"it-page-section anchor-offset mt-5\">\n<div class=\"field field--name-field-collegamenti-da-import field--type-link field--label-above\">\n<div class=\"field__items\"><\/div>\n<div class=\"collegamenti-import-link\"><\/div>\n<\/div>\n<\/article>\n      <\/section>\r\n      <div>Share:<\/div>\r\n                <a href=\"https:\/\/twitter.com\/intent\/tweet?url=museoscienzebrescia.it%2Fen%2Fwp-json%2Fwp%2Fv2%2Fpages%2F1190&#038;text=Legal+notices\" class=\"social-share w-inline-block\" data-social=\"twitter\" title=\"twitter share\">\r\n          <img decoding=\"async\" src=\"https:\/\/museoscienzebrescia.it\/wp-content\/themes\/museoscienze\/images\/tw.svg\" loading=\"lazy\" width=\"40\" alt=\"share twitter\">\r\n        <\/a>\r\n        <a href=\"https:\/\/www.facebook.com\/sharer\/sharer.php?u=museoscienzebrescia.it%2Fen%2Fwp-json%2Fwp%2Fv2%2Fpages%2F1190&#038;title=Legal+notices\" class=\"social-share w-inline-block\" data-social=\"facebook\" title=\"facebook share\">\r\n          <img decoding=\"async\" src=\"https:\/\/museoscienzebrescia.it\/wp-content\/themes\/museoscienze\/images\/fb.svg\" loading=\"lazy\" width=\"40\" alt=\"share facebook\">\r\n        <\/a>\r\n        <br><br>\r\n    <\/article>\r\n\r\n    <aside class=\"col-12 col-lg-4 offset-xl-1\">\r\n      <div class=\"\">\r\n            <\/div>\r\n    <\/aside>\r\n  <\/div>\r\n<\/div>\r\n","protected":false},"excerpt":{"rendered":"","protected":false},"author":1,"featured_media":0,"parent":0,"menu_order":0,"comment_status":"closed","ping_status":"closed","template":"","meta":{"_acf_changed":false,"inline_featured_image":false,"footnotes":""},"class_list":["post-1190","page","type-page","status-publish","hentry"],"acf":[],"_links":{"self":[{"href":"https:\/\/museoscienzebrescia.it\/en\/wp-json\/wp\/v2\/pages\/1190","targetHints":{"allow":["GET"]}}],"collection":[{"href":"https:\/\/museoscienzebrescia.it\/en\/wp-json\/wp\/v2\/pages"}],"about":[{"href":"https:\/\/museoscienzebrescia.it\/en\/wp-json\/wp\/v2\/types\/page"}],"author":[{"embeddable":true,"href":"https:\/\/museoscienzebrescia.it\/en\/wp-json\/wp\/v2\/users\/1"}],"replies":[{"embeddable":true,"href":"https:\/\/museoscienzebrescia.it\/en\/wp-json\/wp\/v2\/comments?post=1190"}],"version-history":[{"count":0,"href":"https:\/\/museoscienzebrescia.it\/en\/wp-json\/wp\/v2\/pages\/1190\/revisions"}],"wp:attachment":[{"href":"https:\/\/museoscienzebrescia.it\/en\/wp-json\/wp\/v2\/media?parent=1190"}],"curies":[{"name":"wp","href":"https:\/\/api.w.org\/{rel}","templated":true}]}}