{"id":1186,"date":"2023-03-28T15:02:03","date_gmt":"2023-03-28T15:02:03","guid":{"rendered":"https:\/\/www.museoscienzebrescia.it\/informativa-privacy\/"},"modified":"2023-03-28T15:03:06","modified_gmt":"2023-03-28T15:03:06","slug":"informativa-privacy","status":"publish","type":"page","link":"https:\/\/museoscienzebrescia.it\/en\/informativa-privacy\/","title":{"rendered":"Privacy information"},"content":{"rendered":"<section id=\"b-hero-block_d35ef1da5a44dbbf71e46ae17096796b\" class=\"it-hero-wrapper block-hero \">\r\n  <div class=\"container\">\r\n    <div class=\"row\">\r\n      <div class=\"col-12 col-lg-6\">\r\n        <div class=\"it-hero-text-wrapper\">\r\n                    <h1>Privacy information<\/h1>\r\n                  <\/div>\r\n      <\/div>\r\n      <div class=\"col-12 col-lg-6 hero__img-cont\">\r\n         \r\n      <\/div>\r\n    <\/div>\r\n  <\/div>\r\n<\/section>\r\n\n\n\r\n<div id=\"b-textaside-block_f396e45336478b2e32c5abc4665af6f9\" class=\"container\">\r\n  <div class=\"row\">\r\n    <article class=\"col-12 col-lg-7\">\r\n      <section>\r\n        <article id=\"descrizione\" class=\"it-page-section anchor-offset\">\n<h4>Descrizione<\/h4>\n<div class=\"font-serif\">\n<div class=\"clearfix text-formatted field field--name-field-descrizione-completa field--type-text-long field--label-above\">\n<div class=\"field__label visually-hidden\">Descrizione<\/div>\n<div class=\"field__item\">\n<p>\u200bIn relazione ai dati personali (riferiti a &#8220;persona fisica&#8221;) trattati da parte del Comune di Brescia, si specifica che:<\/p>\n<ul>\n<li>il trattamento dei dati avviene nel rispetto del Reg.UE 2016\/679 e del Dlgs.196\/2003,\u00a0 oltre che nel rispetto dei principi di correttezza, liceit\u00e0 e trasparenza<\/li>\n<li>gli interessati (ossia le persone fisiche cui si riferiscono i dati personali) hanno il diritto all\u2019accesso ai dati, alla rettifica, alla cancellazione (ove i dati non siano corretti), alla limitazione o opposizione al trattamento per motivi legittimi ed espressi, a presentare reclamo all\u2019Autorit\u00e0 Garante della privacy, alla portabilit\u00e0 dei dati entro i limiti ed alle condizioni specificate nel capo III del Reg.UE 2016\/679<\/li>\n<li>la pubblicazione dei dati personali e l\u2019esercizio del diritto di accesso avvengono nei casi e con i limiti previsti dalla vigente normativa, tenendo conto della tutela della riservatezza delle persone<\/li>\n<li>non vengono adottati processi decisionali esclusivamente automatizzati (e pertanto senza intervento umano) che comportino l\u2019adozione di decisioni sulle persone, nemmeno la profilazione, fatto salvo l\u2019utilizzo dei cookies. I cookies sono file di testo utilizzati nelle comunicazioni tra web server e client utenti al fine di consentire l&#8217;accesso ai contenuti in modo sicuro ed efficiente e, allo stesso tempo, monitorarne l&#8217;utilizzo del sito.\u00a0In generale l&#8217;utente pu\u00f2 configurare il browser in modo da cancellare, a fine attivit\u00e0, i cookies acquisiti L&#8217;utente pu\u00f2 anche impostare il browser in modo da non accettare i cookies di terze parti.\u200b<\/li>\n<li>la comunicazione dei dati a terzi soggetti avviene sulla base di norme di legge o di regolamenti, e comunque al fine di poter erogare i servizi istituzionali e di poter avviare e concludere i procedimenti amministrativi previsti dalla normativa<\/li>\n<li>I dati personali (anche acquisiti on line) sono conservati per un arco di tempo non superiore al conseguimento delle finalit\u00e0 per le quali sono trattati, secondo il principio della minimizzazione del trattamento dei dati.\u00a0La durata della conservazione dei dati tiene conto di eventuali obblighi normativi, della necessit\u00e0 di tutela dell\u2019Ente e delle persone cui si riferiscono i dati, delle finalit\u00e0 di pubblico interesse del trattamento, delle esigenze di conservazione ai fini delle attivit\u00e0 di controllo da parte di Organi pubblici, degli obblighi di pubblicazione.\u00a0E\u2019 fatto salvo il diritto degli interessati di chiedere la cancellazione dei dati.\u00a0Al termine del periodo di conservazione il dato viene eliminato o anonimizzato.\u200b<\/li>\n<li>i dati personali possono essere trattati per conto del Comune da soggetti terzi, nel ruolo di responsabili del trattamento\u200b<\/li>\n<li>gli uffici acquisiscono unicamente i dati obbligatori e necessari per l\u2019avvio e la conclusione dei procedimenti amministrativi<\/li>\n<li>il trattamento avviene sia in forma cartacea\/manuale che con strumenti elettronici\/informatici<\/li>\n<li>il trattamento viene svolto in osservanza di disposizioni di legge o di regolamento per adempiere agli obblighi ed alle facolt\u00e0 ivi previsti in capo agli enti locali\u200b<\/li>\n<li>il mancato conferimento dei dati al Comune, il rifiuto a rispondere o la mancata acquisizione possono comportare l&#8217;impossibilit\u00e0 al compimento ed alla conclusione del procedimento amministrativo interessato ed all&#8217;erogazione del servizio<\/li>\n<li>titolare del trattamento dei dati \u00e8 il Comune di Brescia, con sede a Brescia in piazza della Loggia n.1\u00a0 &#8211; dato di contatto protocollogenerale@pec.comune.brescia.it<\/li>\n<li>dato di contatto del responsabile della protezione dei dati\u00a0<a href=\"mailto:RPD@comune.brescia.it\">RPD@comune.brescia.it<\/a><\/li>\n<li>il responsabile della protezione dei dati (DPO) \u00e8 la LTA Srl con sede a Roma in Via della Conciliazione n.10<\/li>\n<li>I dati sono trattati per le finalit\u00e0 istituzionali del Comune di Brescia<\/li>\n<\/ul>\n<p>&nbsp;<\/p>\n<p>Con riferimento ai singoli ambiti di competenza ed alle singole unit\u00e0 organizzative dell\u2019Ente, viene fornita l\u2019informativa privacy completa ai sensi degli artt.13-14 del Reg.UE 2016\/679 all\u2019interno delle singole sezioni del sito, presso gli uffici ed all\u2019interno della modulistica e degli atti.<\/p>\n<p>Le informative specifiche di settore contengono anche l\u2019indicazione delle finalit\u00e0 del trattamento, della base giuridica, delle categorie di dati trattati.<\/p>\n<\/div>\n<\/div>\n<\/div>\n<\/article>\n      <\/section>\r\n      <div>Share:<\/div>\r\n                <a href=\"https:\/\/twitter.com\/intent\/tweet?url=museoscienzebrescia.it%2Fen%2Fwp-json%2Fwp%2Fv2%2Fpages%2F1186&#038;text=Privacy+information\" class=\"social-share w-inline-block\" data-social=\"twitter\" title=\"twitter share\">\r\n          <img decoding=\"async\" src=\"https:\/\/museoscienzebrescia.it\/wp-content\/themes\/museoscienze\/images\/tw.svg\" loading=\"lazy\" width=\"40\" alt=\"share twitter\">\r\n        <\/a>\r\n        <a href=\"https:\/\/www.facebook.com\/sharer\/sharer.php?u=museoscienzebrescia.it%2Fen%2Fwp-json%2Fwp%2Fv2%2Fpages%2F1186&#038;title=Privacy+information\" class=\"social-share w-inline-block\" data-social=\"facebook\" title=\"facebook share\">\r\n          <img decoding=\"async\" src=\"https:\/\/museoscienzebrescia.it\/wp-content\/themes\/museoscienze\/images\/fb.svg\" loading=\"lazy\" width=\"40\" alt=\"share facebook\">\r\n        <\/a>\r\n        <br><br>\r\n    <\/article>\r\n\r\n    <aside class=\"col-12 col-lg-4 offset-xl-1\">\r\n      <div class=\"\">\r\n            <\/div>\r\n    <\/aside>\r\n  <\/div>\r\n<\/div>\r\n","protected":false},"excerpt":{"rendered":"","protected":false},"author":1,"featured_media":0,"parent":0,"menu_order":0,"comment_status":"closed","ping_status":"closed","template":"","meta":{"_acf_changed":false,"inline_featured_image":false,"footnotes":""},"class_list":["post-1186","page","type-page","status-publish","hentry"],"acf":[],"_links":{"self":[{"href":"https:\/\/museoscienzebrescia.it\/en\/wp-json\/wp\/v2\/pages\/1186","targetHints":{"allow":["GET"]}}],"collection":[{"href":"https:\/\/museoscienzebrescia.it\/en\/wp-json\/wp\/v2\/pages"}],"about":[{"href":"https:\/\/museoscienzebrescia.it\/en\/wp-json\/wp\/v2\/types\/page"}],"author":[{"embeddable":true,"href":"https:\/\/museoscienzebrescia.it\/en\/wp-json\/wp\/v2\/users\/1"}],"replies":[{"embeddable":true,"href":"https:\/\/museoscienzebrescia.it\/en\/wp-json\/wp\/v2\/comments?post=1186"}],"version-history":[{"count":0,"href":"https:\/\/museoscienzebrescia.it\/en\/wp-json\/wp\/v2\/pages\/1186\/revisions"}],"wp:attachment":[{"href":"https:\/\/museoscienzebrescia.it\/en\/wp-json\/wp\/v2\/media?parent=1186"}],"curies":[{"name":"wp","href":"https:\/\/api.w.org\/{rel}","templated":true}]}}